{"id":29,"date":"2026-03-03T17:31:16","date_gmt":"2026-03-03T17:31:16","guid":{"rendered":"https:\/\/artetribal.com\/contacto\/"},"modified":"2026-04-11T20:28:40","modified_gmt":"2026-04-11T18:28:40","slug":"contacto","status":"publish","type":"page","link":"https:\/\/artetribal.com\/es\/contacto\/","title":{"rendered":"Contacto"},"content":{"rendered":"<div class=\"wp-block-group alignfull is-style-ext-preset--group--natural-1--section ext-animate--off has-background-background-color has-background\" id=\"contacto\" style=\"margin-top:0;margin-bottom:0;padding-top:var(--wp--preset--spacing--40);padding-bottom:var(--wp--preset--spacing--40)\"><div class=\"wp-block-group__inner-container is-layout-constrained wp-block-group-is-layout-constrained\">\n<p>\u00bfTienes alguna pregunta, sugerencia o te gustar\u00eda colaborar? Nos encantar\u00eda saber de ti.<\/p>\n\n\n\n<p>Si has detectado alg\u00fan error, quieres recomendarnos alg\u00fan artista o cultura que deber\u00edamos incluir, o simplemente quieres compartir tu opini\u00f3n sobre el arte tribal, env\u00edanos un mensaje.<\/p>\n\n\n\n<div style=\"background:#FAF7F2; border-left: 4px solid #C4933F; padding: 1rem 1.25rem; border-radius: 0 8px 8px 0; margin-bottom: 1.5rem;\">\n  <p style=\"margin:0 0 6px; font-weight:500; color:#2C2C2C;\">Cr\u00e9ditos de las im\u00e1genes y solicitudes de eliminaci\u00f3n<\/p>\n  <p style=\"margin:0; color:#666; font-size:14px;\">Si ha detectado que falta alg\u00fan cr\u00e9dito en una imagen o desea solicitar la eliminaci\u00f3n de una imagen por motivos de derechos de autor, utilice este formulario. Le responderemos lo antes posible.<\/p>\n<\/div>\n\n\n\n<div class=\"wp-block-media-text alignwide has-media-on-the-right is-stacked-on-mobile is-image-fill-element is-style-ext-preset--media-text--natural-1--card-1 ext-animate--on has-tertiary-background-color has-background\" style=\"grid-template-columns:auto 40%\"><div class=\"wp-block-media-text__content\">\n<div class=\"wpcf7 no-js\" id=\"wpcf7-f1513-o1\" lang=\"en\" dir=\"ltr\" data-wpcf7-id=\"1513\">\n<div class=\"screen-reader-response\"><p role=\"status\" aria-live=\"polite\" aria-atomic=\"true\"><\/p> <ul><\/ul><\/div>\n<form action=\"\/es\/wp-json\/wp\/v2\/pages\/29#wpcf7-f1513-o1\" method=\"post\" class=\"wpcf7-form init\" aria-label=\"Formulario de contacto\" novalidate=\"novalidate\" data-status=\"init\" data-trp-original-action=\"\/es\/wp-json\/wp\/v2\/pages\/29#wpcf7-f1513-o1\">\n<fieldset class=\"hidden-fields-container\"><input type=\"hidden\" name=\"_wpcf7\" value=\"1513\" \/><input type=\"hidden\" name=\"_wpcf7_version\" value=\"6.1.5\" \/><input type=\"hidden\" name=\"_wpcf7_locale\" value=\"en\" \/><input type=\"hidden\" name=\"_wpcf7_unit_tag\" value=\"wpcf7-f1513-o1\" \/><input type=\"hidden\" name=\"_wpcf7_container_post\" value=\"0\" \/><input type=\"hidden\" name=\"_wpcf7_posted_data_hash\" value=\"\" \/>\n<\/fieldset>\n<p><label> Su nombre<br \/>\n<span class=\"wpcf7-form-control-wrap\" data-name=\"your-name\"><input size=\"40\" maxlength=\"400\" class=\"wpcf7-form-control wpcf7-text wpcf7-validates-as-required\" autocomplete=\"name\" aria-required=\"true\" aria-invalid=\"false\" value=\"\" type=\"text\" name=\"your-name\" \/><\/span> <\/label>\n<\/p>\n<p><label> Tu correo electr\u00f3nico<br \/>\n<span class=\"wpcf7-form-control-wrap\" data-name=\"your-email\"><input size=\"40\" maxlength=\"400\" class=\"wpcf7-form-control wpcf7-email wpcf7-validates-as-required wpcf7-text wpcf7-validates-as-email\" autocomplete=\"email\" aria-required=\"true\" aria-invalid=\"false\" value=\"\" type=\"email\" name=\"your-email\" \/><\/span> <\/label>\n<\/p>\n<p><label> Sujeto<br \/>\n<span class=\"wpcf7-form-control-wrap\" data-name=\"your-subject\"><input size=\"40\" maxlength=\"400\" class=\"wpcf7-form-control wpcf7-text wpcf7-validates-as-required\" aria-required=\"true\" aria-invalid=\"false\" value=\"\" type=\"text\" name=\"your-subject\" \/><\/span> <\/label>\n<\/p>\n<p><label> Tu mensaje (opcional)<br \/>\n<span class=\"wpcf7-form-control-wrap\" data-name=\"your-message\"><textarea cols=\"40\" rows=\"10\" maxlength=\"2000\" class=\"wpcf7-form-control wpcf7-textarea\" aria-invalid=\"false\" name=\"your-message\"><\/textarea><\/span> <\/label>\n<\/p>\n<p><input class=\"wpcf7-form-control wpcf7-submit has-spinner\" type=\"submit\" value=\"Entregar\" \/>\n<\/p><div class=\"wpcf7-response-output\" aria-hidden=\"true\"><\/div>\n<input type=\"hidden\" name=\"trp-form-language\" value=\"es\"\/><\/form>\n<\/div>\n\n<\/div><figure class=\"wp-block-media-text__media\"><img loading=\"lazy\" decoding=\"async\" width=\"1440\" height=\"1268\" src=\"https:\/\/artetribal.com\/wp-content\/uploads\/2026\/03\/48f36dce23493ae6562e104aa48bce83179b23c1.jpg\" alt=\"\" class=\"wp-image-81 size-full\" style=\"object-position:62% 47%\" srcset=\"https:\/\/artetribal.com\/wp-content\/uploads\/2026\/03\/48f36dce23493ae6562e104aa48bce83179b23c1.jpg 1440w, https:\/\/artetribal.com\/wp-content\/uploads\/2026\/03\/48f36dce23493ae6562e104aa48bce83179b23c1-600x528.jpg 600w\" sizes=\"auto, (max-width: 1440px) 100vw, 1440px\" \/><\/figure><\/div>\n<\/div><\/div>","protected":false},"excerpt":{"rendered":"<p>Have a question, a suggestion, or want to collaborate? We&#8217;d love to hear from you. Whether you&#8217;ve spotted an error, want to recommend an artist or culture we should cover, or simply want to share your thoughts about tribal art \u2014 drop us a message. Image credits &#038; removal requests If you have spotted a&#8230;<\/p>","protected":false},"author":1,"featured_media":0,"parent":0,"menu_order":0,"comment_status":"closed","ping_status":"closed","template":"","meta":{"_monsterinsights_skip_tracking":false,"_monsterinsights_sitenote_active":false,"_monsterinsights_sitenote_note":"","_monsterinsights_sitenote_category":0,"_kad_post_transparent":"","_kad_post_title":"","_kad_post_layout":"","_kad_post_sidebar_id":"","_kad_post_content_style":"","_kad_post_vertical_padding":"","_kad_post_feature":"","_kad_post_feature_position":"","_kad_post_header":false,"_kad_post_footer":false,"_kad_post_classname":"","footnotes":""},"class_list":["post-29","page","type-page","status-publish","hentry"],"aioseo_notices":[],"_links":{"self":[{"href":"https:\/\/artetribal.com\/es\/wp-json\/wp\/v2\/pages\/29","targetHints":{"allow":["GET"]}}],"collection":[{"href":"https:\/\/artetribal.com\/es\/wp-json\/wp\/v2\/pages"}],"about":[{"href":"https:\/\/artetribal.com\/es\/wp-json\/wp\/v2\/types\/page"}],"author":[{"embeddable":true,"href":"https:\/\/artetribal.com\/es\/wp-json\/wp\/v2\/users\/1"}],"replies":[{"embeddable":true,"href":"https:\/\/artetribal.com\/es\/wp-json\/wp\/v2\/comments?post=29"}],"version-history":[{"count":8,"href":"https:\/\/artetribal.com\/es\/wp-json\/wp\/v2\/pages\/29\/revisions"}],"predecessor-version":[{"id":1696,"href":"https:\/\/artetribal.com\/es\/wp-json\/wp\/v2\/pages\/29\/revisions\/1696"}],"wp:attachment":[{"href":"https:\/\/artetribal.com\/es\/wp-json\/wp\/v2\/media?parent=29"}],"curies":[{"name":"wp","href":"https:\/\/api.w.org\/{rel}","templated":true}]}}